{"id":484,"date":"2023-12-27T11:50:35","date_gmt":"2023-12-27T11:50:35","guid":{"rendered":"https:\/\/web4.rkinformatika.net\/anelegarreta\/?page_id=484"},"modified":"2024-01-15T12:53:14","modified_gmt":"2024-01-15T12:53:14","slug":"historia","status":"publish","type":"page","link":"https:\/\/anelegarreta.com\/en\/historia\/","title":{"rendered":"History"},"content":{"rendered":"<div data-elementor-type=\"wp-page\" data-elementor-id=\"484\" class=\"elementor elementor-484\" data-elementor-post-type=\"page\">\n\t\t\t\t\t\t<section class=\"elementor-section elementor-top-section elementor-element elementor-element-75d01eee elementor-section-boxed elementor-section-height-default elementor-section-height-default\" data-id=\"75d01eee\" data-element_type=\"section\" data-e-type=\"section\" data-settings=\"{&quot;background_background&quot;:&quot;classic&quot;}\">\n\t\t\t\t\t\t<div class=\"elementor-container elementor-column-gap-default\">\n\t\t\t\t\t<div class=\"elementor-column elementor-col-100 elementor-top-column elementor-element elementor-element-59e2da86\" data-id=\"59e2da86\" data-element_type=\"column\" data-e-type=\"column\">\n\t\t\t<div class=\"elementor-widget-wrap\">\n\t\t\t\t\t\t\t<\/div>\n\t\t<\/div>\n\t\t\t\t\t<\/div>\n\t\t<\/section>\n\t\t<div class=\"elementor-element elementor-element-0fd5b26 e-flex e-con-boxed e-con e-parent\" data-id=\"0fd5b26\" data-element_type=\"container\" data-e-type=\"container\" data-settings=\"{&quot;background_background&quot;:&quot;classic&quot;}\">\n\t\t\t\t\t<div class=\"e-con-inner\">\n\t\t\t\t<div class=\"elementor-element elementor-element-7a2c615 elementor-invisible elementor-widget elementor-widget-heading\" data-id=\"7a2c615\" data-element_type=\"widget\" data-e-type=\"widget\" data-settings=\"{&quot;_animation&quot;:&quot;fadeInRight&quot;}\" data-widget_type=\"heading.default\">\n\t\t\t\t<div class=\"elementor-widget-container\">\n\t\t\t\t\t<h2 class=\"elementor-heading-title elementor-size-default\">History<\/h2>\t\t\t\t<\/div>\n\t\t\t\t<\/div>\n\t\t\t\t\t<\/div>\n\t\t\t\t<\/div>\n\t\t\t\t<section class=\"elementor-section elementor-top-section elementor-element elementor-element-72deecf1 elementor-section-full_width elementor-section-height-default elementor-section-height-default\" data-id=\"72deecf1\" data-element_type=\"section\" data-e-type=\"section\" data-settings=\"{&quot;background_background&quot;:&quot;classic&quot;}\">\n\t\t\t\t\t\t\t<div class=\"elementor-background-overlay\"><\/div>\n\t\t\t\t\t\t\t<div class=\"elementor-container elementor-column-gap-default\">\n\t\t\t\t\t<div class=\"elementor-column elementor-col-50 elementor-top-column elementor-element elementor-element-61306c16 elementor-hidden-tablet elementor-hidden-mobile\" data-id=\"61306c16\" data-element_type=\"column\" data-e-type=\"column\">\n\t\t\t<div class=\"elementor-widget-wrap elementor-element-populated\">\n\t\t\t\t\t\t<div class=\"elementor-element elementor-element-6c3c730a elementor-widget elementor-widget-image\" data-id=\"6c3c730a\" data-element_type=\"widget\" data-e-type=\"widget\" data-widget_type=\"image.default\">\n\t\t\t\t<div class=\"elementor-widget-container\">\n\t\t\t\t\t\t\t\t\t\t\t\t\t\t\t<img fetchpriority=\"high\" decoding=\"async\" width=\"683\" height=\"1024\" src=\"https:\/\/anelegarreta.com\/wp-content\/uploads\/2023\/12\/Ane-683x1024.jpeg\" class=\"attachment-large size-large wp-image-542\" alt=\"\" srcset=\"https:\/\/anelegarreta.com\/wp-content\/uploads\/2023\/12\/Ane-683x1024.jpeg 683w, https:\/\/anelegarreta.com\/wp-content\/uploads\/2023\/12\/Ane-200x300.jpeg 200w, https:\/\/anelegarreta.com\/wp-content\/uploads\/2023\/12\/Ane-768x1152.jpeg 768w, https:\/\/anelegarreta.com\/wp-content\/uploads\/2023\/12\/Ane-1024x1536.jpeg 1024w, https:\/\/anelegarreta.com\/wp-content\/uploads\/2023\/12\/Ane-1365x2048.jpeg 1365w, https:\/\/anelegarreta.com\/wp-content\/uploads\/2023\/12\/Ane-8x12.jpeg 8w, https:\/\/anelegarreta.com\/wp-content\/uploads\/2023\/12\/Ane-scaled.jpeg 1707w\" sizes=\"(max-width: 683px) 100vw, 683px\" \/>\t\t\t\t\t\t\t\t\t\t\t\t\t\t\t<\/div>\n\t\t\t\t<\/div>\n\t\t\t\t\t<\/div>\n\t\t<\/div>\n\t\t\t\t<div class=\"elementor-column elementor-col-50 elementor-top-column elementor-element elementor-element-7b2fb6e0\" data-id=\"7b2fb6e0\" data-element_type=\"column\" data-e-type=\"column\">\n\t\t\t<div class=\"elementor-widget-wrap elementor-element-populated\">\n\t\t\t\t\t\t<div class=\"elementor-element elementor-element-432f0373 elementor-invisible elementor-widget elementor-widget-text-editor\" data-id=\"432f0373\" data-element_type=\"widget\" data-e-type=\"widget\" data-settings=\"{&quot;_animation&quot;:&quot;fadeInRight&quot;}\" data-widget_type=\"text-editor.default\">\n\t\t\t\t<div class=\"elementor-widget-container\">\n\t\t\t\t\t\t\t\t\t<p>Ane exhibe una aptitud excepcional para la direcci\u00f3n, respaldada por un profundo intelecto musical y un dominio t\u00e9cnico que le permiten transmitir sus conceptos musicales con rapidez y eficacia a los miembros de la orquesta. Poseedora de una amplia formaci\u00f3n musical, una agudeza auditiva ejemplar y una notable seguridad r\u00edtmica, Ane demuestra ser una persona diligente y competente.<\/p><p>Durante la temporada 2023, Ane debut\u00f3 con gran \u00e9xito al frente de la Orquesta Sinf\u00f3nica de Navarra en dos conciertos en Tudela y Tafalla. Interpret\u00f3 de manera impecable m\u00fasica del compositor Maurice Ravel. <br \/>Desde 2022 ha sido la directora musical asistente de ABAO Bilbao \u00d3pera, donde ha formado parte del equipo de trabajo de \u00f3peras como I Puritani, Anna Bolena, Romeo et Juliette y L&#8217;\u00e9lisir d&#8217;amore.<br \/>En diciembre de 2021, Ane recibi\u00f3 una invitaci\u00f3n para dirigir la Orquesta Nacional de Euskadi, donde se distingui\u00f3 notablemente durante una grabaci\u00f3n para la Televisi\u00f3n P\u00fablica Vasca.<\/p><p>Ane trabaja desde la consciencia de la creaci\u00f3n musical como herramienta para apoyar la diversidad y la igualdad. Interviene asiduamente como colaboradora en programas de radio en Radio Euskadi y Euskadi Irratia, donde habla sobre la direcci\u00f3n musical y la m\u00fasica cl\u00e1sica. Es una de las fundadoras del proyecto ESAS &#8211; Red de Mujeres Artistas y Creadoras, proyecto pionero, con el cual, adem\u00e1s de crear una orquesta sinf\u00f3nica formada y liderada \u00edntegramente por mujeres, est\u00e1 destinada a dar a conocer compositoras del pasado y del presente. ESAS tambi\u00e9n es una plataforma donde encontrar compositoras y obras para conseguir programaciones m\u00e1s igualitarias en teatros a nivel internacional.<\/p><p>Se grad\u00faa en direccion de orquesta en Musikene, Conservatorio Superior de M\u00fasica del Pa\u00eds Vasco con Arturo Tamayo y posteriormente se forma en direcci\u00f3n de m\u00fasica de c\u00e1mara contempor\u00e1nea en Ticino Musica, Lugano, realiza estudios de posgrado en direcci\u00f3n sinf\u00f3nica, instrumental y vocal en Katarina Gurska, Madrid y direcci\u00f3n de \u00f3pera en I Musici di Parma, Parma. Ha trabajado con directores como Robert Trevino, Giacomo Sagripanti, Lorenzo Passerini, Iv\u00e1n L\u00f3pez-Reynoso y Jordi Bernacer entre otros.<\/p>\t\t\t\t\t\t\t\t<\/div>\n\t\t\t\t<\/div>\n\t\t\t\t\t<\/div>\n\t\t<\/div>\n\t\t\t\t\t<\/div>\n\t\t<\/section>\n\t\t<div class=\"elementor-element elementor-element-fb460de elementor-hidden-desktop e-flex e-con-boxed e-con e-parent\" data-id=\"fb460de\" data-element_type=\"container\" data-e-type=\"container\" data-settings=\"{&quot;background_background&quot;:&quot;classic&quot;}\">\n\t\t\t\t\t<div class=\"e-con-inner\">\n\t\t\t\t<div class=\"elementor-element elementor-element-9e65d90 elementor-widget elementor-widget-image\" data-id=\"9e65d90\" data-element_type=\"widget\" data-e-type=\"widget\" data-widget_type=\"image.default\">\n\t\t\t\t<div class=\"elementor-widget-container\">\n\t\t\t\t\t\t\t\t\t\t\t\t\t\t\t<img decoding=\"async\" width=\"800\" height=\"534\" src=\"https:\/\/anelegarreta.com\/wp-content\/uploads\/2023\/12\/72A07051-1024x683.jpg\" class=\"attachment-large size-large wp-image-547\" alt=\"\" srcset=\"https:\/\/anelegarreta.com\/wp-content\/uploads\/2023\/12\/72A07051-1024x683.jpg 1024w, https:\/\/anelegarreta.com\/wp-content\/uploads\/2023\/12\/72A07051-300x200.jpg 300w, https:\/\/anelegarreta.com\/wp-content\/uploads\/2023\/12\/72A07051-768x512.jpg 768w, https:\/\/anelegarreta.com\/wp-content\/uploads\/2023\/12\/72A07051-1536x1024.jpg 1536w, https:\/\/anelegarreta.com\/wp-content\/uploads\/2023\/12\/72A07051-2048x1366.jpg 2048w, https:\/\/anelegarreta.com\/wp-content\/uploads\/2023\/12\/72A07051-18x12.jpg 18w\" sizes=\"(max-width: 800px) 100vw, 800px\" \/>\t\t\t\t\t\t\t\t\t\t\t\t\t\t\t<\/div>\n\t\t\t\t<\/div>\n\t\t\t\t\t<\/div>\n\t\t\t\t<\/div>\n\t\t\t\t<\/div>","protected":false},"excerpt":{"rendered":"<p>Historia Ane exhibe una aptitud excepcional para la direcci\u00f3n, respaldada por un profundo intelecto musical y un dominio t\u00e9cnico que le permiten transmitir sus conceptos musicales con rapidez y eficacia [&hellip;]<\/p>\n","protected":false},"author":1,"featured_media":0,"parent":0,"menu_order":0,"comment_status":"closed","ping_status":"closed","template":"elementor_canvas","meta":{"footnotes":""},"class_list":["post-484","page","type-page","status-publish","hentry"],"yoast_head":"<!-- This site is optimized with the Yoast SEO plugin v27.3 - https:\/\/yoast.com\/product\/yoast-seo-wordpress\/ -->\n<title>Historia - Ane Legarreta M\u00e9ndez - Orchestra Conductor<\/title>\n<meta name=\"robots\" content=\"index, follow, max-snippet:-1, max-image-preview:large, max-video-preview:-1\" \/>\n<link rel=\"canonical\" href=\"https:\/\/anelegarreta.com\/en\/historia\/\" \/>\n<meta property=\"og:locale\" content=\"en_GB\" \/>\n<meta property=\"og:type\" content=\"article\" \/>\n<meta property=\"og:title\" content=\"Historia - Ane Legarreta M\u00e9ndez - Orchestra Conductor\" \/>\n<meta property=\"og:description\" content=\"Historia Ane exhibe una aptitud excepcional para la direcci\u00f3n, respaldada por un profundo intelecto musical y un dominio t\u00e9cnico que le permiten transmitir sus conceptos musicales con rapidez y eficacia [&hellip;]\" \/>\n<meta property=\"og:url\" content=\"https:\/\/anelegarreta.com\/en\/historia\/\" \/>\n<meta property=\"og:site_name\" content=\"Ane Legarreta M\u00e9ndez - Orchestra Conductor\" \/>\n<meta property=\"article:modified_time\" content=\"2024-01-15T12:53:14+00:00\" \/>\n<meta property=\"og:image\" content=\"https:\/\/anelegarreta.com\/wp-content\/uploads\/2023\/12\/Ane-683x1024.jpeg\" \/>\n<meta name=\"twitter:card\" content=\"summary_large_image\" \/>\n<meta name=\"twitter:label1\" content=\"Estimated reading time\" \/>\n\t<meta name=\"twitter:data1\" content=\"2 minutes\" \/>\n<script type=\"application\/ld+json\" class=\"yoast-schema-graph\">{\"@context\":\"https:\\\/\\\/schema.org\",\"@graph\":[{\"@type\":\"WebPage\",\"@id\":\"https:\\\/\\\/anelegarreta.com\\\/historia\\\/\",\"url\":\"https:\\\/\\\/anelegarreta.com\\\/historia\\\/\",\"name\":\"Historia - Ane Legarreta M\u00e9ndez - Orchestra Conductor\",\"isPartOf\":{\"@id\":\"https:\\\/\\\/anelegarreta.com\\\/#website\"},\"primaryImageOfPage\":{\"@id\":\"https:\\\/\\\/anelegarreta.com\\\/historia\\\/#primaryimage\"},\"image\":{\"@id\":\"https:\\\/\\\/anelegarreta.com\\\/historia\\\/#primaryimage\"},\"thumbnailUrl\":\"https:\\\/\\\/anelegarreta.com\\\/wp-content\\\/uploads\\\/2023\\\/12\\\/Ane-683x1024.jpeg\",\"datePublished\":\"2023-12-27T11:50:35+00:00\",\"dateModified\":\"2024-01-15T12:53:14+00:00\",\"breadcrumb\":{\"@id\":\"https:\\\/\\\/anelegarreta.com\\\/historia\\\/#breadcrumb\"},\"inLanguage\":\"en-GB\",\"potentialAction\":[{\"@type\":\"ReadAction\",\"target\":[\"https:\\\/\\\/anelegarreta.com\\\/historia\\\/\"]}]},{\"@type\":\"ImageObject\",\"inLanguage\":\"en-GB\",\"@id\":\"https:\\\/\\\/anelegarreta.com\\\/historia\\\/#primaryimage\",\"url\":\"https:\\\/\\\/anelegarreta.com\\\/wp-content\\\/uploads\\\/2023\\\/12\\\/Ane-683x1024.jpeg\",\"contentUrl\":\"https:\\\/\\\/anelegarreta.com\\\/wp-content\\\/uploads\\\/2023\\\/12\\\/Ane-683x1024.jpeg\"},{\"@type\":\"BreadcrumbList\",\"@id\":\"https:\\\/\\\/anelegarreta.com\\\/historia\\\/#breadcrumb\",\"itemListElement\":[{\"@type\":\"ListItem\",\"position\":1,\"name\":\"Portada\",\"item\":\"https:\\\/\\\/anelegarreta.com\\\/\"},{\"@type\":\"ListItem\",\"position\":2,\"name\":\"Historia\"}]},{\"@type\":\"WebSite\",\"@id\":\"https:\\\/\\\/anelegarreta.com\\\/#website\",\"url\":\"https:\\\/\\\/anelegarreta.com\\\/\",\"name\":\"Ane Legarreta M\u00e9ndez - Orchestra Conductor\",\"description\":\"Directora musical\",\"publisher\":{\"@id\":\"https:\\\/\\\/anelegarreta.com\\\/#organization\"},\"potentialAction\":[{\"@type\":\"SearchAction\",\"target\":{\"@type\":\"EntryPoint\",\"urlTemplate\":\"https:\\\/\\\/anelegarreta.com\\\/?s={search_term_string}\"},\"query-input\":{\"@type\":\"PropertyValueSpecification\",\"valueRequired\":true,\"valueName\":\"search_term_string\"}}],\"inLanguage\":\"en-GB\"},{\"@type\":\"Organization\",\"@id\":\"https:\\\/\\\/anelegarreta.com\\\/#organization\",\"name\":\"Ane Legarreta M\u00e9ndez - Orchestra Conductor\",\"url\":\"https:\\\/\\\/anelegarreta.com\\\/\",\"logo\":{\"@type\":\"ImageObject\",\"inLanguage\":\"en-GB\",\"@id\":\"https:\\\/\\\/anelegarreta.com\\\/#\\\/schema\\\/logo\\\/image\\\/\",\"url\":\"https:\\\/\\\/anelegarreta.com\\\/wp-content\\\/uploads\\\/2023\\\/12\\\/cropped-ANE-LEGARRETA-4.png\",\"contentUrl\":\"https:\\\/\\\/anelegarreta.com\\\/wp-content\\\/uploads\\\/2023\\\/12\\\/cropped-ANE-LEGARRETA-4.png\",\"width\":500,\"height\":143,\"caption\":\"Ane Legarreta M\u00e9ndez - Orchestra Conductor\"},\"image\":{\"@id\":\"https:\\\/\\\/anelegarreta.com\\\/#\\\/schema\\\/logo\\\/image\\\/\"}}]}<\/script>\n<!-- \/ Yoast SEO plugin. -->","yoast_head_json":{"title":"Historia - Ane Legarreta M\u00e9ndez - Orchestra Conductor","robots":{"index":"index","follow":"follow","max-snippet":"max-snippet:-1","max-image-preview":"max-image-preview:large","max-video-preview":"max-video-preview:-1"},"canonical":"https:\/\/anelegarreta.com\/en\/historia\/","og_locale":"en_GB","og_type":"article","og_title":"Historia - Ane Legarreta M\u00e9ndez - Orchestra Conductor","og_description":"Historia Ane exhibe una aptitud excepcional para la direcci\u00f3n, respaldada por un profundo intelecto musical y un dominio t\u00e9cnico que le permiten transmitir sus conceptos musicales con rapidez y eficacia [&hellip;]","og_url":"https:\/\/anelegarreta.com\/en\/historia\/","og_site_name":"Ane Legarreta M\u00e9ndez - Orchestra Conductor","article_modified_time":"2024-01-15T12:53:14+00:00","og_image":[{"url":"https:\/\/anelegarreta.com\/wp-content\/uploads\/2023\/12\/Ane-683x1024.jpeg","type":"","width":"","height":""}],"twitter_card":"summary_large_image","twitter_misc":{"Estimated reading time":"2 minutes"},"schema":{"@context":"https:\/\/schema.org","@graph":[{"@type":"WebPage","@id":"https:\/\/anelegarreta.com\/historia\/","url":"https:\/\/anelegarreta.com\/historia\/","name":"Historia - Ane Legarreta M\u00e9ndez - Orchestra Conductor","isPartOf":{"@id":"https:\/\/anelegarreta.com\/#website"},"primaryImageOfPage":{"@id":"https:\/\/anelegarreta.com\/historia\/#primaryimage"},"image":{"@id":"https:\/\/anelegarreta.com\/historia\/#primaryimage"},"thumbnailUrl":"https:\/\/anelegarreta.com\/wp-content\/uploads\/2023\/12\/Ane-683x1024.jpeg","datePublished":"2023-12-27T11:50:35+00:00","dateModified":"2024-01-15T12:53:14+00:00","breadcrumb":{"@id":"https:\/\/anelegarreta.com\/historia\/#breadcrumb"},"inLanguage":"en-GB","potentialAction":[{"@type":"ReadAction","target":["https:\/\/anelegarreta.com\/historia\/"]}]},{"@type":"ImageObject","inLanguage":"en-GB","@id":"https:\/\/anelegarreta.com\/historia\/#primaryimage","url":"https:\/\/anelegarreta.com\/wp-content\/uploads\/2023\/12\/Ane-683x1024.jpeg","contentUrl":"https:\/\/anelegarreta.com\/wp-content\/uploads\/2023\/12\/Ane-683x1024.jpeg"},{"@type":"BreadcrumbList","@id":"https:\/\/anelegarreta.com\/historia\/#breadcrumb","itemListElement":[{"@type":"ListItem","position":1,"name":"Portada","item":"https:\/\/anelegarreta.com\/"},{"@type":"ListItem","position":2,"name":"Historia"}]},{"@type":"WebSite","@id":"https:\/\/anelegarreta.com\/#website","url":"https:\/\/anelegarreta.com\/","name":"Ane Legarreta M\u00e9ndez - Orchestra Conductor","description":"Directora musical","publisher":{"@id":"https:\/\/anelegarreta.com\/#organization"},"potentialAction":[{"@type":"SearchAction","target":{"@type":"EntryPoint","urlTemplate":"https:\/\/anelegarreta.com\/?s={search_term_string}"},"query-input":{"@type":"PropertyValueSpecification","valueRequired":true,"valueName":"search_term_string"}}],"inLanguage":"en-GB"},{"@type":"Organization","@id":"https:\/\/anelegarreta.com\/#organization","name":"Ane Legarreta M\u00e9ndez - Orchestra Conductor","url":"https:\/\/anelegarreta.com\/","logo":{"@type":"ImageObject","inLanguage":"en-GB","@id":"https:\/\/anelegarreta.com\/#\/schema\/logo\/image\/","url":"https:\/\/anelegarreta.com\/wp-content\/uploads\/2023\/12\/cropped-ANE-LEGARRETA-4.png","contentUrl":"https:\/\/anelegarreta.com\/wp-content\/uploads\/2023\/12\/cropped-ANE-LEGARRETA-4.png","width":500,"height":143,"caption":"Ane Legarreta M\u00e9ndez - Orchestra Conductor"},"image":{"@id":"https:\/\/anelegarreta.com\/#\/schema\/logo\/image\/"}}]}},"_links":{"self":[{"href":"https:\/\/anelegarreta.com\/en\/wp-json\/wp\/v2\/pages\/484","targetHints":{"allow":["GET"]}}],"collection":[{"href":"https:\/\/anelegarreta.com\/en\/wp-json\/wp\/v2\/pages"}],"about":[{"href":"https:\/\/anelegarreta.com\/en\/wp-json\/wp\/v2\/types\/page"}],"author":[{"embeddable":true,"href":"https:\/\/anelegarreta.com\/en\/wp-json\/wp\/v2\/users\/1"}],"replies":[{"embeddable":true,"href":"https:\/\/anelegarreta.com\/en\/wp-json\/wp\/v2\/comments?post=484"}],"version-history":[{"count":44,"href":"https:\/\/anelegarreta.com\/en\/wp-json\/wp\/v2\/pages\/484\/revisions"}],"predecessor-version":[{"id":894,"href":"https:\/\/anelegarreta.com\/en\/wp-json\/wp\/v2\/pages\/484\/revisions\/894"}],"wp:attachment":[{"href":"https:\/\/anelegarreta.com\/en\/wp-json\/wp\/v2\/media?parent=484"}],"curies":[{"name":"wp","href":"https:\/\/api.w.org\/{rel}","templated":true}]}}